{"id":3,"date":"2019-03-31T18:50:13","date_gmt":"2019-03-31T18:50:13","guid":{"rendered":"https:\/\/www.prideweekkl.de\/pwklb\/?page_id=3"},"modified":"2019-04-01T03:19:59","modified_gmt":"2019-04-01T03:19:59","slug":"datenschutzerklarung","status":"publish","type":"page","link":"https:\/\/www.prideweekkl.de\/index.php\/datenschutzerklarung\/","title":{"rendered":"Datenschutzerkl\u00e4rung"},"content":{"rendered":"\n<p><strong>Geltungsbereich<\/strong><\/p>\n\n\n\n<p>Diese Datenschutzerkl\u00e4rung kl\u00e4rt Nutzer \u00fcber die Art, den Umfang und Zwecke der Erhebung und Verwendung personenbezogener Daten durch den verantwortlichen Anbieter [lauterjungs und -m\u00e4dels e.V., c\/o AIDS-Hilfe Kaiserslautern, Pariser Stra\u00dfe 23,<br>67655 Kaiserslautern,&nbsp;&nbsp;<a href=\"javascript:DeCryptX('0k2q0n1u0a3n3w2B1m0a3x2v3h3u3m1v2p2i1t201e0e')\">kontakt [at] lauterjungs [dot] de<\/a>, 06 31\/62 64 0 74] auf dieser Website (im folgenden \u201clauterjungs.de\u201d) auf.<\/p>\n\n\n\n<p>Die rechtlichen Grundlagen des Datenschutzes finden sich im Bundesdatenschutzgesetz (BDSG) und dem Telemediengesetz (TMG).<\/p>\n\n\n\n<p><strong>Kontaktaufnahme<\/strong><\/p>\n\n\n\n<p>Bei der Kontaktaufnahme mit dem Anbieter (zum Beispiel per Kontaktformular oder E-Mail) werden die Angaben des Nutzers zwecks Bearbeitung der Anfrage sowie f\u00fcr den Fall, dass Anschlussfragen entstehen, gespeichert.<\/p>\n\n\n\n<p><strong>Einbindung von Diensten und Inhalten Dritter<\/strong><\/p>\n\n\n\n<p>Es kann vorkommen, dass innerhalb dieses Onlineangebotes Inhalte Dritter, wie zum Beispiel Videos von YouTube, Kartenmaterial von Google-Maps, RSS-Feeds oder Grafiken von anderen Webseiten eingebunden werden. Dies setzt immer voraus, dass die Anbieter dieser Inhalte (nachfolgend bezeichnet als \u201eDritt-Anbieter\u201c) die IP-Adresse der Nutzer wahr nehmen. Denn ohne die IP-Adresse, k\u00f6nnten sie die Inhalte nicht an den Browser des jeweiligen Nutzers senden. Die IP-Adresse ist damit f\u00fcr die Darstellung dieser Inhalte erforderlich. Wir bem\u00fchen uns nur solche Inhalte zu verwenden, deren jeweilige Anbieter die IP-Adresse lediglich zur Auslieferung der Inhalte verwenden. Jedoch haben wir keinen Einfluss darauf, falls die Dritt-Anbieter die IP-Adresse z.B. f\u00fcr statistische Zwecke speichern. Soweit dies uns bekannt ist, kl\u00e4ren wir die Nutzer dar\u00fcber auf.<br><\/p>\n\n\n\n<p><strong>Jetpack\/Wordpress.com-Stats<\/strong><\/p>\n\n\n\n<p>Dieses Angebot nutzt&nbsp;<a rel=\"noreferrer noopener\" href=\"http:\/\/wordpress.org\/extend\/plugins\/jetpack\/\" target=\"_blank\">Jetpack<\/a>, ein Tool zur statistischen Auswertung der Besucherzugriffe, betrieben von&nbsp;<a rel=\"noreferrer noopener\" href=\"http:\/\/automattic.com\/\" target=\"_blank\">Automattic<\/a>, Inc. 132 Hawthorne Street San Francisco, CA 94107, USA, unter Einsatz der Trackingtechnologie von&nbsp;<a href=\"http:\/\/www.quantcast.com\/\" target=\"_blank\" rel=\"noreferrer noopener\">Quantcast<\/a>&nbsp;Inc., 201 3rd St, Floor 2, San Francisco, CA 94103-3153, USA. WordPress.com-Stats verwendet sog. \u201eCookies\u201c, Textdateien, die auf Ihrem Computer gespeichert werden und die eine Analyse der Benutzung der Website durch Sie erm\u00f6glichen. Die durch den Cookie erzeugten Informationen \u00fcber Ihre Benutzung dieses Internetangebotes werden auf einem Server in den USA gespeichert. Die IP-Adresse wird sofort nach der Verarbeitung und vor deren Speicherung anonymisiert. Sie k\u00f6nnen die Installation der Cookies durch eine entsprechende Einstellung Ihrer Browser Software verhindern; wir weisen Sie jedoch darauf hin, dass Sie in diesem Fall gegebenenfalls nicht s\u00e4mtliche Funktionen dieser Website vollumf\u00e4nglich nutzen k\u00f6nnen. Sie k\u00f6nnen der Erhebung und Nutzung der Daten durch Quantcast mit Wirkung f\u00fcr die Zukunft widersprechen, indem Sie an dieser Stelle durch einen Klick auf den Link \u201eClick here to opt-out\u201c ein Opt-Out-Cookie in Ihrem Browser setzen:&nbsp;<a href=\"http:\/\/www.quantcast.com\/opt-out\">http:\/\/www.quantcast.com\/opt-out<\/a>. Sollten Sie alle Cookies auf Ihrem Rechner l\u00f6schen, m\u00fcssen Sie das Opt-Out-Cookie erneut setzen.<\/p>\n\n\n\n<p><strong>Widerruf, \u00c4nderungen, Berichtigungen und Aktualisierungen<\/strong><\/p>\n\n\n\n<p>Der Nutzer hat das Recht, auf Antrag unentgeltlich Auskunft zu erhalten \u00fcber die personenbezogenen Daten, die \u00fcber ihn gespeichert wurden. Zus\u00e4tzlich hat der Nutzer das Recht auf Berichtigung unrichtiger Daten, Sperrung und L\u00f6schung seiner personenbezogenen Daten, soweit dem keine gesetzliche Aufbewahrungspflicht entgegensteht.<\/p>\n\n\n\n<p><strong><a href=\"https:\/\/datenschutz-generator.de\/\" target=\"_blank\" rel=\"noreferrer noopener\" aria-label=\" (\u00f6ffnet in neuem Tab)\">Erstellt mit Datenschutz-Generator.de von RA Dr. Thomas Schwenke<\/a><\/strong><\/p>\n","protected":false},"excerpt":{"rendered":"<p>Geltungsbereich Diese Datenschutzerkl\u00e4rung kl\u00e4rt Nutzer \u00fcber die Art, den Umfang und Zwecke der Erhebung und Verwendung personenbezogener Daten durch den verantwortlichen Anbieter [lauterjungs und -m\u00e4dels e.V., c\/o AIDS-Hilfe Kaiserslautern, Pariser Stra\u00dfe 23,67655 Kaiserslautern,&nbsp;&nbsp;kontakt [at] lauterjungs [dot] de, 06 31\/62 64 0 74] auf dieser Website (im folgenden \u201clauterjungs.de\u201d) auf. Die rechtlichen Grundlagen des Datenschutzes finden [&hellip;]<\/p>\n","protected":false},"author":1,"featured_media":0,"parent":0,"menu_order":0,"comment_status":"closed","ping_status":"open","template":"","meta":{"footnotes":""},"class_list":["post-3","page","type-page","status-publish","hentry"],"_links":{"self":[{"href":"https:\/\/www.prideweekkl.de\/index.php\/wp-json\/wp\/v2\/pages\/3","targetHints":{"allow":["GET"]}}],"collection":[{"href":"https:\/\/www.prideweekkl.de\/index.php\/wp-json\/wp\/v2\/pages"}],"about":[{"href":"https:\/\/www.prideweekkl.de\/index.php\/wp-json\/wp\/v2\/types\/page"}],"author":[{"embeddable":true,"href":"https:\/\/www.prideweekkl.de\/index.php\/wp-json\/wp\/v2\/users\/1"}],"replies":[{"embeddable":true,"href":"https:\/\/www.prideweekkl.de\/index.php\/wp-json\/wp\/v2\/comments?post=3"}],"version-history":[{"count":1,"href":"https:\/\/www.prideweekkl.de\/index.php\/wp-json\/wp\/v2\/pages\/3\/revisions"}],"predecessor-version":[{"id":51,"href":"https:\/\/www.prideweekkl.de\/index.php\/wp-json\/wp\/v2\/pages\/3\/revisions\/51"}],"wp:attachment":[{"href":"https:\/\/www.prideweekkl.de\/index.php\/wp-json\/wp\/v2\/media?parent=3"}],"curies":[{"name":"wp","href":"https:\/\/api.w.org\/{rel}","templated":true}]}}